{"id":2104,"date":"2021-04-15T02:50:11","date_gmt":"2021-04-15T02:50:11","guid":{"rendered":"http:\/\/tools.uca.unam.mx\/caacs\/?page_id=2104"},"modified":"2021-06-03T19:36:24","modified_gmt":"2021-06-03T19:36:24","slug":"aviso-de-privacidad","status":"publish","type":"page","link":"\/?page_id=2104","title":{"rendered":"Aviso de privacidad."},"content":{"rendered":"\t\t<div data-elementor-type=\"wp-page\" data-elementor-id=\"2104\" class=\"elementor elementor-2104\" data-elementor-settings=\"[]\">\n\t\t\t\t\t\t<div class=\"elementor-inner\">\n\t\t\t\t\t\t\t<div class=\"elementor-section-wrap\">\n\t\t\t\t\t\t\t<section class=\"elementor-section elementor-top-section elementor-element elementor-element-6b6bd10 elementor-section-height-min-height elementor-section-boxed elementor-section-height-default elementor-section-items-middle\" data-id=\"6b6bd10\" data-element_type=\"section\" data-settings=\"{&quot;background_background&quot;:&quot;classic&quot;}\">\n\t\t\t\t\t\t\t<div class=\"elementor-background-overlay\"><\/div>\n\t\t\t\t\t\t\t<div class=\"elementor-container elementor-column-gap-default\">\n\t\t\t\t\t\t\t<div class=\"elementor-row\">\n\t\t\t\t\t<div class=\"elementor-column elementor-col-100 elementor-top-column elementor-element elementor-element-6903ced9\" data-id=\"6903ced9\" data-element_type=\"column\">\n\t\t\t<div class=\"elementor-column-wrap elementor-element-populated\">\n\t\t\t\t\t\t\t<div class=\"elementor-widget-wrap\">\n\t\t\t\t\t\t<div class=\"elementor-element elementor-element-181189b0 elementor-widget elementor-widget-heading\" data-id=\"181189b0\" data-element_type=\"widget\" data-widget_type=\"heading.default\">\n\t\t\t\t<div class=\"elementor-widget-container\">\n\t\t\t<h2 class=\"elementor-heading-title elementor-size-default\">Aviso de Privacidad Simplificado<\/h2>\t\t<\/div>\n\t\t\t\t<\/div>\n\t\t\t\t<section class=\"elementor-section elementor-inner-section elementor-element elementor-element-6542d938 elementor-section-boxed elementor-section-height-default elementor-section-height-default\" data-id=\"6542d938\" data-element_type=\"section\">\n\t\t\t\t\t\t<div class=\"elementor-container elementor-column-gap-default\">\n\t\t\t\t\t\t\t<div class=\"elementor-row\">\n\t\t\t\t\t<div class=\"elementor-column elementor-col-50 elementor-inner-column elementor-element elementor-element-1e0651df\" data-id=\"1e0651df\" data-element_type=\"column\" data-settings=\"{&quot;background_background&quot;:&quot;classic&quot;}\">\n\t\t\t<div class=\"elementor-column-wrap\">\n\t\t\t\t\t\t\t<div class=\"elementor-widget-wrap\">\n\t\t\t\t\t\t\t\t<\/div>\n\t\t\t\t\t<\/div>\n\t\t<\/div>\n\t\t\t\t<div class=\"elementor-column elementor-col-50 elementor-inner-column elementor-element elementor-element-54668ed0\" data-id=\"54668ed0\" data-element_type=\"column\">\n\t\t\t<div class=\"elementor-column-wrap elementor-element-populated\">\n\t\t\t\t\t\t\t<div class=\"elementor-widget-wrap\">\n\t\t\t\t\t\t<div class=\"elementor-element elementor-element-2006f432 elementor-widget elementor-widget-text-editor\" data-id=\"2006f432\" data-element_type=\"widget\" data-widget_type=\"text-editor.default\">\n\t\t\t\t<div class=\"elementor-widget-container\">\n\t\t\t\t\t\t\t\t<div class=\"elementor-text-editor elementor-clearfix\">\n\t\t\t\t<p><\/p><center><span style=\"font-size: 16px; text-align: left; letter-spacing: 0.2px;\">El Consejo Acad\u00e9mico del \u00c1rea de las Ciencias Sociales de la Universidad Nacional Aut\u00f3noma de M\u00e9xico (UNAM), hace de su conocimiento que al realizar actividades acad\u00e9micas tendientes a cumplir con las funciones de este Consejo entre la comunidad universitaria y p\u00fablico en general, ser\u00e1 necesario llevar a cabo un registro, por medio del cual se obtendr\u00e1n datos personales con la facultad de utilizarlos \u00fanica y exclusivamente para las siguientes finalidades:<\/span><\/center><p><\/p>\n<ul>\n<li>Ofrecer la difusi\u00f3n de conocimiento cient\u00edfico, tecnol\u00f3gico y profesional.<\/li>\n<li>Inscripci\u00f3n a eventos, concursos y\/o competiciones en los que participe en representaci\u00f3n de alguna entidad acad\u00e9mica del \u00e1rea (actividades estudiantiles, culturales, art\u00edsticas, desarrollo social, deportivas, etc.) o cualquier servicio o actividad que contribuya a la formaci\u00f3n integral.<\/li>\n<li>Actualizar la base de datos de alumnos, estudiantes, docentes y empleados.<\/li>\n<li>Realizar actividades que resulten necesarias para el desarrollo o formaci\u00f3n acad\u00e9mica, profesional y extracurricular.<\/li>\n<li>Realizar reportes semanales, mensuales y anuales acad\u00e9micos, escolares o estad\u00edsticos.<\/li>\n<li>Evaluar el desempe\u00f1o acad\u00e9mico y extracurricular.<\/li>\n<li>Difundir conocimientos cient\u00edficos, culturales tecnol\u00f3gicos y profesionales.<\/li>\n<li>Contactar a familiares o terceros, en caso de una emergencia.<\/li>\n<li>Inscribir a eventos y\/o actividades extracurriculares.<\/li>\n<li>Realizar invitaciones a exposiciones, conferencias, seminarios, pl\u00e1ticas, tertulias y an\u00e1logas, en caso de conferencistas y homenajeados.<\/li>\n<li>Elaborar y evaluar proyectos, planes y programas educativos.<\/li>\n<li>Proporcionar asesor\u00eda y servicios de acuerdo con los fines del \u00e1rea.<\/li>\n<li>Proporcionar informaci\u00f3n para los procedimientos de investigaci\u00f3n administrativa, procesos legales o de cualquier otra naturaleza.<\/li>\n<li>Cumplir con las obligaciones contra\u00eddas con proveedores, clientes o prospectos.<\/li>\n<li>Promover la generaci\u00f3n de proyectos multi e interdisciplinarios y coadyuvar a su realizaci\u00f3n, mediante la participaci\u00f3n de diversas entidades y dependencias universitarias.<\/li>\n<li>Designar a los miembros de Comisiones y Comit\u00e9s Universitarios.<\/li>\n<\/ul>\n<p align=\"justify\">Los datos personales no podr\u00e1n ser transferidos o tratados por personas diversas o ajenas a la UNAM; \u00fanicamente para cumplir con las finalidades antes se\u00f1aladas u otras aquellas exigidas legalmente. La informaci\u00f3n deber\u00e1 ser proporcionada de manera voluntaria por el titular de los mismos previa lectura y conocimiento del aviso de privacidad. El titular podr\u00e1 manifestar su negativa para el tratamiento de sus datos personales para las finalidades descritas en este aviso y la transferencia de datos que requieran su consentimiento mediante escrito libre presentado ante la Unidad de Transparencia de la UNAM, por cualquier medio.<\/p>\n<p align=\"justify\"><br><\/p>\t\t\t\t\t<\/div>\n\t\t\t\t\t\t<\/div>\n\t\t\t\t<\/div>\n\t\t\t\t\t\t<\/div>\n\t\t\t\t\t<\/div>\n\t\t<\/div>\n\t\t\t\t\t\t\t\t<\/div>\n\t\t\t\t\t<\/div>\n\t\t<\/section>\n\t\t\t\t\t\t<\/div>\n\t\t\t\t\t<\/div>\n\t\t<\/div>\n\t\t\t\t\t\t\t\t<\/div>\n\t\t\t\t\t<\/div>\n\t\t<\/section>\n\t\t\t\t\t\t<\/div>\n\t\t\t\t\t\t<\/div>\n\t\t\t\t\t<\/div>\n\t\t","protected":false},"excerpt":{"rendered":"<p>Aviso de Privacidad Simplificado El Consejo Acad\u00e9mico del \u00c1rea de las Ciencias Sociales de la Universidad Nacional Aut\u00f3noma de M\u00e9xico (UNAM), hace de su conocimiento que al realizar actividades acad\u00e9micas tendientes a cumplir con las funciones de este Consejo entre la comunidad universitaria y p\u00fablico en general, ser\u00e1 necesario llevar a cabo un registro, por [&hellip;]<\/p>\n","protected":false},"author":1,"featured_media":0,"parent":0,"menu_order":0,"comment_status":"closed","ping_status":"closed","template":"elementor_header_footer","meta":[],"_links":{"self":[{"href":"\/index.php?rest_route=\/wp\/v2\/pages\/2104"}],"collection":[{"href":"\/index.php?rest_route=\/wp\/v2\/pages"}],"about":[{"href":"\/index.php?rest_route=\/wp\/v2\/types\/page"}],"author":[{"embeddable":true,"href":"\/index.php?rest_route=\/wp\/v2\/users\/1"}],"replies":[{"embeddable":true,"href":"\/index.php?rest_route=%2Fwp%2Fv2%2Fcomments&post=2104"}],"version-history":[{"count":37,"href":"\/index.php?rest_route=\/wp\/v2\/pages\/2104\/revisions"}],"predecessor-version":[{"id":4139,"href":"\/index.php?rest_route=\/wp\/v2\/pages\/2104\/revisions\/4139"}],"wp:attachment":[{"href":"\/index.php?rest_route=%2Fwp%2Fv2%2Fmedia&parent=2104"}],"curies":[{"name":"wp","href":"https:\/\/api.w.org\/{rel}","templated":true}]}}